{"id":445,"date":"2018-01-17T15:50:19","date_gmt":"2018-01-17T15:50:19","guid":{"rendered":"https:\/\/supersoldierescape.com\/aviso-legal\/"},"modified":"2021-10-26T08:01:32","modified_gmt":"2021-10-26T06:01:32","slug":"aviso-legal","status":"publish","type":"page","link":"https:\/\/supersoldierescape.com\/en\/aviso-legal\/","title":{"rendered":"Aviso Legal-english"},"content":{"rendered":"<div class=\"wpb-content-wrapper\"><p>[vc_row][vc_column][vc_column_text]<\/p>\n<div class=\"et_pb_row_inner\">\n<div class=\"et_pb_column et_pb_column_4_4 et_pb_column_inner\">\n<div class=\"et_pb_text et_pb_bg_layout_light et_pb_text_align_left\">\n<h2 class=\"western\" lang=\"es-ES\"><span style=\"font-family: Arial, serif;\"><span style=\"font-size: small;\"><b><span style=\"vertical-align: inherit;\"><span style=\"vertical-align: inherit;\">GENERAL INFORMATION<\/span><\/span><\/b><\/span><\/span><\/h2>\n<p class=\"western\" lang=\"es-ES\" align=\"justify\"><span style=\"font-family: Arial, serif;\"><span style=\"font-size: small;\"><span style=\"vertical-align: inherit;\"><span style=\"vertical-align: inherit;\">In compliance with Article 10 of Law 34\/2002, of July 11, on Services of the Information Society and Electronic Commerce (LSSI-CE), it is reported that the owners of the website <\/span><\/span><\/span><\/span><span style=\"color: #3366ff;\"><u><a class=\"western\" href=\"https:\/\/supersoldierescape.com\/\"><span style=\"font-family: Arial, serif;\"><span style=\"font-size: small;\"><span style=\"vertical-align: inherit;\"><span style=\"vertical-align: inherit;\">https:\/\/supersoldierescape.com \/<\/span><\/span><\/span><\/span><\/a><\/u><\/span><span style=\"font-family: Arial, serif;\"><span style=\"font-size: small;\"><span style=\"vertical-align: inherit;\"><span style=\"vertical-align: inherit;\"> is:<\/span><\/span><\/span><\/span><\/p>\n<p class=\"western\" lang=\"es-ES\" align=\"justify\"><span style=\"font-family: Arial, serif;\"><span style=\"font-size: small;\">ACTIV NATURA OUTDOOR, S.L., con CIF B-62635719 y domicilio social en C\/ DELFINA DOLZ, 4 (08370) CALELLA, inscrita en el Registro Mercantil de Barcelona, en el tomo 946, folio 239, hoja __________ e inscripci\u00f3n 1\u00aa. La direcci\u00f3n de correo electr\u00f3nico de contacto con la empresa es: <\/span><\/span><span style=\"color: #3366ff;\"><u><a class=\"western\" href=\"mailto:info@activnatura.com\"><span style=\"font-family: Arial, serif;\"><span style=\"font-size: small;\">info@activnatura.com<\/span><\/span><\/a><\/u><\/span><span style=\"font-family: Arial, serif;\"><span style=\"font-size: small;\">. <\/span><\/span><\/p>\n<h2 lang=\"es-ES\" align=\"justify\"><\/h2>\n<h2 class=\"western\" lang=\"es-ES\" align=\"justify\"><span style=\"font-family: Arial, serif;\"><span style=\"font-size: small;\"><b>OBJETO<\/b><\/span><\/span><\/h2>\n<p class=\"western\" lang=\"es-ES\" align=\"justify\"><span style=\"font-family: Arial, serif;\"><span style=\"font-size: small;\">La presente p\u00e1gina web <\/span><\/span><span style=\"color: #3366ff;\"><u><a class=\"western\" href=\"https:\/\/supersoldierescape.com\/\"><span style=\"font-family: Arial, serif;\"><span style=\"font-size: small;\">https:\/\/supersoldierescape.com<\/span><\/span><\/a><\/u><\/span><span style=\"font-family: Arial, serif;\"><span style=\"font-size: small;\">, propiedad de ACTIV NATURA OUTDOOR, S.L. ha estado creada y dise\u00f1ada para dar a conocer y permitir el acceso general de todos los usuarios de internet, a la informaci\u00f3n, actividades, productos y servicios ofertados por esta entidad.<\/span><\/span><\/p>\n<p class=\"western\" lang=\"es-ES\" align=\"justify\"><span style=\"font-family: Arial, serif;\"><span style=\"font-size: small;\">El presente aviso legal tiene como objeto establecer las Condiciones Generales que regulen el acceso y uso general de la citada p\u00e1gina web por parte de todos los usuarios, de manera que el acceso y uso de \u00e9sta implica necesariamente, la sumisi\u00f3n y aceptaci\u00f3n de las Condiciones Generales citadas incluidas en este Aviso Legal.<\/span><\/span><\/p>\n<h2 lang=\"es-ES\" align=\"justify\"><\/h2>\n<h2 class=\"western\" lang=\"es-ES\" align=\"justify\"><span style=\"font-family: Arial, serif;\"><span style=\"font-size: small;\"><b>USUARIO<\/b><\/span><\/span><\/h2>\n<p class=\"western\" lang=\"es-ES\" align=\"justify\"><span style=\"font-family: Arial, serif;\"><span style=\"font-size: small;\">La utilizaci\u00f3n de esta p\u00e1gina Web le atribuye la condici\u00f3n de usuario de la misma.<\/span><\/span><\/p>\n<p class=\"western\" lang=\"es-ES\" align=\"justify\"><span style=\"font-family: Arial, serif;\"><span style=\"font-size: small;\">Se recomienda al usuario que lea atenta y detenidamente las condiciones e instrucciones publicadas cada vez que acceda a esta p\u00e1gina web, dado que el acceso implica su lectura y aceptaci\u00f3n. Mediante el acceso y uso a <\/span><\/span><span style=\"color: #3366ff;\"><u><a class=\"western\" href=\"https:\/\/supersoldierescape.com\/\"><span style=\"font-family: Arial, serif;\"><span style=\"font-size: small;\">https:\/\/supersoldierescape.com\/<\/span><\/span><\/a><\/u><\/span><span style=\"font-family: Arial, serif;\"><span style=\"font-size: small;\"> o cualquiera de sus p\u00e1ginas y subdominios, el usuario manifiesta su acuerdo de forma expresa, plena y sin reservas a las condiciones e instrucciones publicadas en el aviso legal en el momento del acceso sin perjuicio de la aplicaci\u00f3n de la correspondiente normativa de obligado cumplimiento legal seg\u00fan el caso.<\/span><\/span><\/p>\n<p class=\"western\" lang=\"es-ES\" align=\"justify\"><span style=\"font-family: Arial, serif;\"><span style=\"font-size: small;\">Cualquier utilizaci\u00f3n distinta a la autorizada est\u00e1 expresamente prohibida, quedando ACTIV NATURA OUTDOOR, S.L. facultada para denegar o retirar el acceso y uso de la Web, en cualquier momento, y sin previo aviso, a aquellos usuarios que incumplan estas condiciones generales.<\/span><\/span><\/p>\n<p class=\"western\" lang=\"es-ES\" align=\"justify\"><span style=\"font-family: Arial, serif;\"><span style=\"font-size: small;\">El usuario asume su responsabilidad en el uso correcto del sitio web.<\/span><\/span><\/p>\n<p class=\"western\" lang=\"es-ES\" align=\"justify\"><span style=\"font-family: Arial, serif;\"><span style=\"font-size: small;\">Esta responsabilidad se extender\u00e1 a:<\/span><\/span><\/p>\n<ul>\n<li>\n<p class=\"western\" lang=\"es-ES\" align=\"justify\"><span style=\"font-family: Arial, serif;\"><span style=\"font-size: small;\">La veracidad y licitud de las informaciones aportadas por el usuario en los formularios extendidos por ACTIV NATURA OUTDOOR, S.L. para el acceso a ciertos contenidos o servicios ofrecidos por el web. <\/span><\/span><\/p>\n<\/li>\n<li>\n<p class=\"western\" lang=\"es-ES\" align=\"justify\"><span style=\"font-family: Arial, serif;\"><span style=\"font-size: small;\">El uso de la informaci\u00f3n, servicios y datos ofrecidos por ACTIV NATURA OUTDOOR, S.L. contrariamente a lo dispuesto por las presentes condiciones, la Ley, la moral, las buenas costumbres o el orden p\u00fablico, o que de cualquier otro modo puedan suponer lesi\u00f3n de los derechos de terceros o del mismo funcionamiento del sitio web.<\/span><\/span><\/p>\n<\/li>\n<\/ul>\n<h2 lang=\"es-ES\" align=\"justify\"><\/h2>\n<h2 class=\"western\" lang=\"es-ES\" align=\"justify\"><span style=\"font-family: Arial, serif;\"><span style=\"font-size: small;\"><b>USO NO AUTORIZADO<\/b><\/span><\/span><\/h2>\n<p class=\"western\" lang=\"es-ES\" align=\"justify\"><span style=\"font-family: Arial, serif;\"><span style=\"font-size: small;\">El usuario de este sitio web se compromete a no hacer uso del mismo para fines o actividades ilegales o il\u00edcitas; en consecuencia, no podr\u00e1 variar ninguno de los elementos incorporados en nuestra web, copiar, distribuir, transmitir, presentar, realizar, o en general, reproducir de cualquier modo, publicar, autorizar o crear cualquier trabajo en base a la informaci\u00f3n o el contenido incorporado en nuestro sitio web por ACTIV NATURA OUTDOOR, S.L., sus agentes, directivos, filiales y\/o empleados.<\/span><\/span><\/p>\n<h2 lang=\"es-ES\" align=\"justify\"><\/h2>\n<h2 class=\"western\" lang=\"es-ES\" align=\"justify\"><span style=\"font-family: Arial, serif;\"><span style=\"font-size: small;\"><b>POL\u00cdTICA DE ENLACES Y EXENCIONES DE RESPONSABILIDAD <\/b><\/span><\/span><\/h2>\n<p class=\"western\" lang=\"es-ES\" align=\"justify\"><span style=\"font-family: Arial, serif;\"><span style=\"font-size: small;\">ACTIV NATURA OUTDOOR, S.L. no se hace responsable del contenido de los sitios web a los que el usuario pueda acceder a trav\u00e9s de los enlaces establecidos en su sitio web y declara que en ning\u00fan caso proceder\u00e1 a examinar o ejercitar ning\u00fan tipo de control sobre el contenido de otros sitios de la red. Asimismo, tampoco garantizar\u00e1 la disponibilidad t\u00e9cnica, exactitud, veracidad, validez o legalidad de sitios ajenos a su propiedad a los que se pueda acceder por medio de los enlaces.<\/span><\/span><\/p>\n<p class=\"western\" lang=\"es-ES\" align=\"justify\"><span style=\"font-family: Arial, serif;\"><span style=\"font-size: small;\">ACTIV NATURA OUTDOOR, S.L. declara haber adoptado todas las medidas necesarias para evitar cualesquiera que fueran los da\u00f1os a los usuarios de su sitio web, que pudieran derivarse de la navegaci\u00f3n por su sitio web. En consecuencia, ACTIV NATURA OUTDOOR, S.L. no se hace responsable, en ning\u00fan caso, de los eventuales da\u00f1os que por la navegaci\u00f3n por Internet pudiera sufrir el usuario.<\/span><\/span><\/p>\n<h2 lang=\"es-ES\" align=\"justify\"><\/h2>\n<h2 class=\"western\" lang=\"es-ES\" align=\"justify\"><span style=\"font-family: Arial, serif;\"><span style=\"font-size: small;\"><b>MODIFICACIONES<\/b><\/span><\/span><\/h2>\n<p class=\"western\" lang=\"es-ES\" align=\"justify\"><span style=\"font-family: Arial, serif;\"><span style=\"font-size: small;\">ACTIV NATURA OUTDOOR, S.L. se reserva el derecho a realizar las modificaciones que considere oportunas, sin aviso previo, en el contenido de su sitio web. Tanto en lo referente a los contenidos del sitio web, como en las condiciones de uso del mismo, o en las condiciones generales de contrataci\u00f3n. Dichas modificaciones podr\u00e1n realizarse a trav\u00e9s de su sitio web por cualquier forma admisible en derecho y ser\u00e1n de obligado cumplimiento durante el tiempo en que se encuentren publicadas en el web y hasta que no sean modificadas v\u00e1lidamente por otras posteriores.<\/span><\/span><\/p>\n<h2 lang=\"es-ES\" align=\"justify\"><\/h2>\n<h2 class=\"western\" lang=\"es-ES\" align=\"justify\"><span style=\"font-family: Arial, serif;\"><span style=\"font-size: small;\"><b>PROPIEDAD INTELECTUAL E INDUSTRIAL<\/b><\/span><\/span><\/h2>\n<p class=\"western\" lang=\"es-ES\" align=\"justify\"><span style=\"font-family: Arial, serif;\"><span style=\"font-size: small;\">ACTIV NATURA OUTDOOR, S.L. por s\u00ed misma o como cesionaria, es titular de todos los derechos de propiedad intelectual e industrial de su p\u00e1gina web, as\u00ed como de los elementos contenidos en la misma (a t\u00edtulo enunciativo, im\u00e1genes, sonido, audio, v\u00eddeo, software o textos; marcas o logotipos, combinaciones de colores, estructura y dise\u00f1o, selecci\u00f3n de materiales usados, programas de ordenador necesarios para su funcionamiento, acceso y uso, etc.), titularidad de ACTIV NATURA OUTDOOR, S.L. Ser\u00e1n, por consiguiente, obras protegidas como propiedad intelectual por el ordenamiento jur\u00eddico espa\u00f1ol, si\u00e9ndoles aplicables tanto la normativa espa\u00f1ola y comunitaria en este campo, como los tratados internacionales relativos a la materia y suscritos por Espa\u00f1a.<\/span><\/span><\/p>\n<p class=\"western\" lang=\"es-ES\" align=\"justify\"><span style=\"font-family: Arial, serif;\"><span style=\"font-size: small;\">Todos los derechos reservados. En ning\u00fan caso se entender\u00e1 que se concede licencia alguna o se efect\u00faa renuncia, transmisi\u00f3n, cesi\u00f3n total o parcial de dichos derechos. En virtud de lo dispuesto en los art\u00edculos 8 y 32.1, p\u00e1rrafo segundo, de la Ley de Propiedad Intelectual, quedan expresamente prohibidas la reproducci\u00f3n, la distribuci\u00f3n y la comunicaci\u00f3n p\u00fablica, incluida su modalidad de puesta a disposici\u00f3n, de la totalidad o parte de los contenidos de esta p\u00e1gina web, con fines comerciales, en cualquier soporte y por cualquier medio t\u00e9cnico, sin la autorizaci\u00f3n de ACTIV NATURA OUTDOOR, S.L.<\/span><\/span><\/p>\n<p class=\"western\" lang=\"es-ES\" align=\"justify\"><span style=\"font-family: Arial, serif;\"><span style=\"font-size: small;\">El usuario se compromete a respetar los derechos de Propiedad Intelectual e Industrial titularidad de ACTIV NATURA OUTDOOR, S.L. Podr\u00e1 visualizar los elementos del portal e incluso imprimirlos, copiarlos y almacenarlos en el disco duro de su ordenador o en cualquier otro soporte f\u00edsico siempre y cuando sea, \u00fanica y exclusivamente, para su uso personal y privado. Las aludidas marcas comerciales son de uso no autorizado, por lo que no podr\u00e1n usarse por ning\u00fan tercero sin el consentimiento expreso por escrito y firmado por sus propietarios. Igualmente el usuario no est\u00e1 autorizado a utilizar, en cualquier otro sitio web, las marcas comerciales de ACTIV NATURA OUTDOOR, S.L. como v\u00ednculos sin su previo consentimiento por escrito.<\/span><\/span><\/p>\n<p class=\"western\" lang=\"es-ES\" align=\"justify\"><span style=\"font-family: Arial, serif;\"><span style=\"font-size: small;\">A\u00fan en el caso de que el usuario descargue en nuestra web cualquier de las aplicaciones disponibles para tal fin, ello no le otorgar\u00e1 derecho alguno sobre \u00e9stas, dado que ACTIV NATURA OUTDOOR, S.L. s\u00f3lo le autoriza su uso y conserva todos los derechos de las mismas. <\/span><\/span><\/p>\n<p class=\"western\" lang=\"es-ES\" align=\"justify\"><span style=\"font-family: Arial, serif;\"><span style=\"font-size: small;\">El usuario deber\u00e1 abstenerse de suprimir, alterar, eludir o manipular cualquier dispositivo de protecci\u00f3n o sistema de seguridad que estuviera instalado en las p\u00e1ginas de ACTIV NATURA OUTDOOR, S.L.<\/span><\/span><\/p>\n<h2 lang=\"es-ES\" align=\"justify\"><\/h2>\n<h2 class=\"western\" lang=\"es-ES\" align=\"justify\"><span style=\"font-family: Arial, serif;\"><span style=\"font-size: small;\"><b>ACCIONES LEGALES, LEGISLACI\u00d3N APLICABLE Y JURISDICCI\u00d3N<\/b><\/span><\/span><\/h2>\n<p class=\"western\" lang=\"es-ES\" align=\"justify\"><span style=\"font-family: Arial, serif;\"><span style=\"font-size: small;\">ACTIV NATURA OUTDOOR, S.L. se reserva, asimismo, la facultad de presentar las acciones civiles o penales que considere oportunas por la utilizaci\u00f3n indebida de su sitio web y contenidos, o por el incumplimiento de las presentes condiciones.<\/span><\/span><\/p>\n<p class=\"western\" lang=\"es-ES\" align=\"justify\"><span style=\"font-family: Arial, serif;\"><span style=\"font-size: small;\"><span style=\"vertical-align: inherit;\"><span style=\"vertical-align: inherit;\">The relationship between the user and the provider will be governed by current regulations and applicable in the Spanish territory. <\/span><span style=\"vertical-align: inherit;\">Should any dispute arise, it will be submitted to the Courts and Tribunals of the city of Barcelona, \u200b\u200bSpain.<\/span><\/span><\/span><\/span><\/p>\n<\/div>\n<\/div>\n<\/div>\n<p>[\/vc_column_text][\/vc_column][\/vc_row]<\/p>\n<\/div>","protected":false},"excerpt":{"rendered":"<p>[vc_row][vc_column][vc_column_text] GENERAL INFORMATION In compliance with Article 10 of Law 34\/2002, of July 11, on Services of the Information Society and Electronic Commerce (LSSI-CE), it is reported that the owners of the website https:\/\/supersoldierescape.com \/ is: ACTIV NATURA OUTDOOR, S.L., con CIF B-62635719 y domicilio social en C\/ DELFINA DOLZ, 4 (08370) CALELLA, inscrita en [&hellip;]<\/p>\n","protected":false},"author":2,"featured_media":0,"parent":0,"menu_order":0,"comment_status":"closed","ping_status":"open","template":"","meta":{"_joinchat":[],"footnotes":""},"class_list":["post-445","page","type-page","status-publish","hentry"],"yoast_head":"<!-- This site is optimized with the Yoast SEO plugin v27.1.1 - https:\/\/yoast.com\/product\/yoast-seo-wordpress\/ -->\n<title>Aviso Legal-english - Super Soldier Escape<\/title>\n<meta name=\"robots\" content=\"index, follow, max-snippet:-1, max-image-preview:large, max-video-preview:-1\" \/>\n<link rel=\"canonical\" href=\"https:\/\/supersoldierescape.com\/en\/aviso-legal\/\" \/>\n<meta property=\"og:locale\" content=\"en_US\" \/>\n<meta property=\"og:type\" content=\"article\" \/>\n<meta property=\"og:title\" content=\"Aviso Legal-english - Super Soldier Escape\" \/>\n<meta property=\"og:description\" content=\"[vc_row][vc_column][vc_column_text] GENERAL INFORMATION In compliance with Article 10 of Law 34\/2002, of July 11, on Services of the Information Society and Electronic Commerce (LSSI-CE), it is reported that the owners of the website https:\/\/supersoldierescape.com \/ is: ACTIV NATURA OUTDOOR, S.L., con CIF B-62635719 y domicilio social en C\/ DELFINA DOLZ, 4 (08370) CALELLA, inscrita en [&hellip;]\" \/>\n<meta property=\"og:url\" content=\"https:\/\/supersoldierescape.com\/en\/aviso-legal\/\" \/>\n<meta property=\"og:site_name\" content=\"Super Soldier Escape\" \/>\n<meta property=\"article:modified_time\" content=\"2021-10-26T06:01:32+00:00\" \/>\n<meta name=\"twitter:card\" content=\"summary_large_image\" \/>\n<meta name=\"twitter:label1\" content=\"Est. reading time\" \/>\n\t<meta name=\"twitter:data1\" content=\"6 minutes\" \/>\n<script type=\"application\/ld+json\" class=\"yoast-schema-graph\">{\"@context\":\"https:\/\/schema.org\",\"@graph\":[{\"@type\":\"WebPage\",\"@id\":\"https:\/\/supersoldierescape.com\/en\/aviso-legal\/\",\"url\":\"https:\/\/supersoldierescape.com\/en\/aviso-legal\/\",\"name\":\"Aviso Legal-english - Super Soldier Escape\",\"isPartOf\":{\"@id\":\"https:\/\/supersoldierescape.com\/en\/#website\"},\"datePublished\":\"2018-01-17T15:50:19+00:00\",\"dateModified\":\"2021-10-26T06:01:32+00:00\",\"breadcrumb\":{\"@id\":\"https:\/\/supersoldierescape.com\/en\/aviso-legal\/#breadcrumb\"},\"inLanguage\":\"en-US\",\"potentialAction\":[{\"@type\":\"ReadAction\",\"target\":[\"https:\/\/supersoldierescape.com\/en\/aviso-legal\/\"]}]},{\"@type\":\"BreadcrumbList\",\"@id\":\"https:\/\/supersoldierescape.com\/en\/aviso-legal\/#breadcrumb\",\"itemListElement\":[{\"@type\":\"ListItem\",\"position\":1,\"name\":\"Portada\",\"item\":\"https:\/\/supersoldierescape.com\/en\/\"},{\"@type\":\"ListItem\",\"position\":2,\"name\":\"Aviso Legal-english\"}]},{\"@type\":\"WebSite\",\"@id\":\"https:\/\/supersoldierescape.com\/en\/#website\",\"url\":\"https:\/\/supersoldierescape.com\/en\/\",\"name\":\"Super Soldier Escape\",\"description\":\"No temas al miedo. \u00a1D\u00e1le caza!\",\"potentialAction\":[{\"@type\":\"SearchAction\",\"target\":{\"@type\":\"EntryPoint\",\"urlTemplate\":\"https:\/\/supersoldierescape.com\/en\/?s={search_term_string}\"},\"query-input\":{\"@type\":\"PropertyValueSpecification\",\"valueRequired\":true,\"valueName\":\"search_term_string\"}}],\"inLanguage\":\"en-US\"}]}<\/script>\n<!-- \/ Yoast SEO plugin. -->","yoast_head_json":{"title":"Aviso Legal-english - Super Soldier Escape","robots":{"index":"index","follow":"follow","max-snippet":"max-snippet:-1","max-image-preview":"max-image-preview:large","max-video-preview":"max-video-preview:-1"},"canonical":"https:\/\/supersoldierescape.com\/en\/aviso-legal\/","og_locale":"en_US","og_type":"article","og_title":"Aviso Legal-english - Super Soldier Escape","og_description":"[vc_row][vc_column][vc_column_text] GENERAL INFORMATION In compliance with Article 10 of Law 34\/2002, of July 11, on Services of the Information Society and Electronic Commerce (LSSI-CE), it is reported that the owners of the website https:\/\/supersoldierescape.com \/ is: ACTIV NATURA OUTDOOR, S.L., con CIF B-62635719 y domicilio social en C\/ DELFINA DOLZ, 4 (08370) CALELLA, inscrita en [&hellip;]","og_url":"https:\/\/supersoldierescape.com\/en\/aviso-legal\/","og_site_name":"Super Soldier Escape","article_modified_time":"2021-10-26T06:01:32+00:00","twitter_card":"summary_large_image","twitter_misc":{"Est. reading time":"6 minutes"},"schema":{"@context":"https:\/\/schema.org","@graph":[{"@type":"WebPage","@id":"https:\/\/supersoldierescape.com\/en\/aviso-legal\/","url":"https:\/\/supersoldierescape.com\/en\/aviso-legal\/","name":"Aviso Legal-english - Super Soldier Escape","isPartOf":{"@id":"https:\/\/supersoldierescape.com\/en\/#website"},"datePublished":"2018-01-17T15:50:19+00:00","dateModified":"2021-10-26T06:01:32+00:00","breadcrumb":{"@id":"https:\/\/supersoldierescape.com\/en\/aviso-legal\/#breadcrumb"},"inLanguage":"en-US","potentialAction":[{"@type":"ReadAction","target":["https:\/\/supersoldierescape.com\/en\/aviso-legal\/"]}]},{"@type":"BreadcrumbList","@id":"https:\/\/supersoldierescape.com\/en\/aviso-legal\/#breadcrumb","itemListElement":[{"@type":"ListItem","position":1,"name":"Portada","item":"https:\/\/supersoldierescape.com\/en\/"},{"@type":"ListItem","position":2,"name":"Aviso Legal-english"}]},{"@type":"WebSite","@id":"https:\/\/supersoldierescape.com\/en\/#website","url":"https:\/\/supersoldierescape.com\/en\/","name":"Super Soldier Escape","description":"No temas al miedo. \u00a1D\u00e1le caza!","potentialAction":[{"@type":"SearchAction","target":{"@type":"EntryPoint","urlTemplate":"https:\/\/supersoldierescape.com\/en\/?s={search_term_string}"},"query-input":{"@type":"PropertyValueSpecification","valueRequired":true,"valueName":"search_term_string"}}],"inLanguage":"en-US"}]}},"_links":{"self":[{"href":"https:\/\/supersoldierescape.com\/en\/wp-json\/wp\/v2\/pages\/445","targetHints":{"allow":["GET"]}}],"collection":[{"href":"https:\/\/supersoldierescape.com\/en\/wp-json\/wp\/v2\/pages"}],"about":[{"href":"https:\/\/supersoldierescape.com\/en\/wp-json\/wp\/v2\/types\/page"}],"author":[{"embeddable":true,"href":"https:\/\/supersoldierescape.com\/en\/wp-json\/wp\/v2\/users\/2"}],"replies":[{"embeddable":true,"href":"https:\/\/supersoldierescape.com\/en\/wp-json\/wp\/v2\/comments?post=445"}],"version-history":[{"count":2,"href":"https:\/\/supersoldierescape.com\/en\/wp-json\/wp\/v2\/pages\/445\/revisions"}],"predecessor-version":[{"id":447,"href":"https:\/\/supersoldierescape.com\/en\/wp-json\/wp\/v2\/pages\/445\/revisions\/447"}],"wp:attachment":[{"href":"https:\/\/supersoldierescape.com\/en\/wp-json\/wp\/v2\/media?parent=445"}],"curies":[{"name":"wp","href":"https:\/\/api.w.org\/{rel}","templated":true}]}}